{"id":2121,"date":"2023-07-21T12:21:11","date_gmt":"2023-07-21T15:21:11","guid":{"rendered":"https:\/\/novosite.dantetesta.com.br\/?page_id=2121"},"modified":"2025-07-21T13:56:48","modified_gmt":"2025-07-21T04:56:48","slug":"contato","status":"publish","type":"page","link":"https:\/\/tsukadamotors.online\/ja\/contato\/","title":{"rendered":"\u63a5\u89e6"},"content":{"rendered":"<div data-elementor-type=\"wp-page\" data-elementor-id=\"2121\" class=\"elementor elementor-2121\" data-elementor-post-type=\"page\">\n\t\t\t\t<div class=\"elementor-element elementor-element-30ec6a2 e-flex e-con-boxed e-con e-parent\" data-id=\"30ec6a2\" data-element_type=\"container\" data-settings=\"{&quot;background_background&quot;:&quot;classic&quot;}\">\n\t\t\t\t\t<div class=\"e-con-inner\">\n\t\t\t\t\t<\/div>\n\t\t\t\t<\/div>\n\t\t<div class=\"elementor-element elementor-element-befc35b e-flex e-con-boxed e-con e-parent\" data-id=\"befc35b\" data-element_type=\"container\">\n\t\t\t\t\t<div class=\"e-con-inner\">\n\t\t<div class=\"elementor-element elementor-element-f079cce e-con-full e-flex e-con e-child\" data-id=\"f079cce\" data-element_type=\"container\" data-settings=\"{&quot;background_background&quot;:&quot;classic&quot;}\">\n\t\t\t\t<div class=\"elementor-element elementor-element-6516c65 elementor-widget elementor-widget-heading\" data-id=\"6516c65\" data-element_type=\"widget\" data-widget_type=\"heading.default\">\n\t\t\t\t<div class=\"elementor-widget-container\">\n\t\t\t\t\t<h2 class=\"elementor-heading-title elementor-size-default\">\u304a\u554f\u3044\u5408\u308f\u305b <\/h2>\t\t\t\t<\/div>\n\t\t\t\t<\/div>\n\t\t\t\t<div class=\"elementor-element elementor-element-20950ab elementor-widget elementor-widget-heading\" data-id=\"20950ab\" data-element_type=\"widget\" data-widget_type=\"heading.default\">\n\t\t\t\t<div class=\"elementor-widget-container\">\n\t\t\t\t\t<h2 class=\"elementor-heading-title elementor-size-default\">\u4e0b\u306e\u30d8\u30c3\u30c9\u30d5\u30a9\u30f3\u3092\u30af\u30ea\u30c3\u30af\u3057\u3066\u304f\u3060\u3055\u3044<\/h2>\t\t\t\t<\/div>\n\t\t\t\t<\/div>\n\t\t\t\t<div class=\"elementor-element elementor-element-3adb2a0 elementor-position-left elementor-view-default elementor-mobile-position-top elementor-widget elementor-widget-icon-box\" data-id=\"3adb2a0\" data-element_type=\"widget\" data-widget_type=\"icon-box.default\">\n\t\t\t\t<div class=\"elementor-widget-container\">\n\t\t\t\t\t\t\t<div class=\"elementor-icon-box-wrapper\">\n\n\t\t\t\t\t\t<div class=\"elementor-icon-box-icon\">\n\t\t\t\t<a href=\"https:\/\/wa.me\/819080744547\" target=\"_blank\" rel=\"nofollow\" class=\"elementor-icon\" tabindex=\"-1\" aria-label=\" \u53ef\u5150\u5e02: 090 8074 4547\">\n\t\t\t\t<svg aria-hidden=\"true\" class=\"e-font-icon-svg e-fab-whatsapp\" viewbox=\"0 0 448 512\" xmlns=\"http:\/\/www.w3.org\/2000\/svg\"><path d=\"M380.9 97.1C339 55.1 283.2 32 223.9 32c-122.4 0-222 99.6-222 222 0 39.1 10.2 77.3 29.6 111L0 480l117.7-30.9c32.4 17.7 68.9 27 106.1 27h.1c122.3 0 224.1-99.6 224.1-222 0-59.3-25.2-115-67.1-157zm-157 341.6c-33.2 0-65.7-8.9-94-25.7l-6.7-4-69.8 18.3L72 359.2l-4.4-7c-18.5-29.4-28.2-63.3-28.2-98.2 0-101.7 82.8-184.5 184.6-184.5 49.3 0 95.6 19.2 130.4 54.1 34.8 34.9 56.2 81.2 56.1 130.5 0 101.8-84.9 184.6-186.6 184.6zm101.2-138.2c-5.5-2.8-32.8-16.2-37.9-18-5.1-1.9-8.8-2.8-12.5 2.8-3.7 5.6-14.3 18-17.6 21.8-3.2 3.7-6.5 4.2-12 1.4-32.6-16.3-54-29.1-75.5-66-5.7-9.8 5.7-9.1 16.3-30.3 1.8-3.7.9-6.9-.5-9.7-1.4-2.8-12.5-30.1-17.1-41.2-4.5-10.8-9.1-9.3-12.5-9.5-3.2-.2-6.9-.2-10.6-.2-3.7 0-9.7 1.4-14.8 6.9-5.1 5.6-19.4 19-19.4 46.3 0 27.3 19.9 53.7 22.6 57.4 2.8 3.7 39.1 59.7 94.8 83.8 35.2 15.2 49 16.5 66.6 13.9 10.7-1.6 32.8-13.4 37.4-26.4 4.6-13 4.6-24.1 3.2-26.4-1.3-2.5-5-3.9-10.5-6.6z\"><\/path><\/svg>\t\t\t\t<\/a>\n\t\t\t<\/div>\n\t\t\t\n\t\t\t\t\t\t<div class=\"elementor-icon-box-content\">\n\n\t\t\t\t\t\t\t\t\t<h3 class=\"elementor-icon-box-title\">\n\t\t\t\t\t\t<a href=\"https:\/\/wa.me\/819080744547\" target=\"_blank\" rel=\"nofollow\" >\n\t\t\t\t\t\t\t \u53ef\u5150\u5e02: 090 8074 4547\t\t\t\t\t\t<\/a>\n\t\t\t\t\t<\/h3>\n\t\t\t\t\n\t\t\t\t\n\t\t\t<\/div>\n\t\t\t\n\t\t<\/div>\n\t\t\t\t\t\t<\/div>\n\t\t\t\t<\/div>\n\t\t\t\t<div class=\"elementor-element elementor-element-d52416f elementor-position-left elementor-view-default elementor-mobile-position-top elementor-widget elementor-widget-icon-box\" data-id=\"d52416f\" data-element_type=\"widget\" data-widget_type=\"icon-box.default\">\n\t\t\t\t<div class=\"elementor-widget-container\">\n\t\t\t\t\t\t\t<div class=\"elementor-icon-box-wrapper\">\n\n\t\t\t\t\t\t<div class=\"elementor-icon-box-icon\">\n\t\t\t\t<a href=\"https:\/\/wa.me\/818029602734\" target=\"_blank\" rel=\"nofollow\" class=\"elementor-icon\" tabindex=\"-1\" aria-label=\"\u798f\u4e95\uff1a080 2960 2734\">\n\t\t\t\t<svg aria-hidden=\"true\" class=\"e-font-icon-svg e-fab-whatsapp\" viewbox=\"0 0 448 512\" xmlns=\"http:\/\/www.w3.org\/2000\/svg\"><path d=\"M380.9 97.1C339 55.1 283.2 32 223.9 32c-122.4 0-222 99.6-222 222 0 39.1 10.2 77.3 29.6 111L0 480l117.7-30.9c32.4 17.7 68.9 27 106.1 27h.1c122.3 0 224.1-99.6 224.1-222 0-59.3-25.2-115-67.1-157zm-157 341.6c-33.2 0-65.7-8.9-94-25.7l-6.7-4-69.8 18.3L72 359.2l-4.4-7c-18.5-29.4-28.2-63.3-28.2-98.2 0-101.7 82.8-184.5 184.6-184.5 49.3 0 95.6 19.2 130.4 54.1 34.8 34.9 56.2 81.2 56.1 130.5 0 101.8-84.9 184.6-186.6 184.6zm101.2-138.2c-5.5-2.8-32.8-16.2-37.9-18-5.1-1.9-8.8-2.8-12.5 2.8-3.7 5.6-14.3 18-17.6 21.8-3.2 3.7-6.5 4.2-12 1.4-32.6-16.3-54-29.1-75.5-66-5.7-9.8 5.7-9.1 16.3-30.3 1.8-3.7.9-6.9-.5-9.7-1.4-2.8-12.5-30.1-17.1-41.2-4.5-10.8-9.1-9.3-12.5-9.5-3.2-.2-6.9-.2-10.6-.2-3.7 0-9.7 1.4-14.8 6.9-5.1 5.6-19.4 19-19.4 46.3 0 27.3 19.9 53.7 22.6 57.4 2.8 3.7 39.1 59.7 94.8 83.8 35.2 15.2 49 16.5 66.6 13.9 10.7-1.6 32.8-13.4 37.4-26.4 4.6-13 4.6-24.1 3.2-26.4-1.3-2.5-5-3.9-10.5-6.6z\"><\/path><\/svg>\t\t\t\t<\/a>\n\t\t\t<\/div>\n\t\t\t\n\t\t\t\t\t\t<div class=\"elementor-icon-box-content\">\n\n\t\t\t\t\t\t\t\t\t<h3 class=\"elementor-icon-box-title\">\n\t\t\t\t\t\t<a href=\"https:\/\/wa.me\/818029602734\" target=\"_blank\" rel=\"nofollow\" >\n\t\t\t\t\t\t\t\u798f\u4e95\uff1a080 2960 2734\t\t\t\t\t\t<\/a>\n\t\t\t\t\t<\/h3>\n\t\t\t\t\n\t\t\t\t\n\t\t\t<\/div>\n\t\t\t\n\t\t<\/div>\n\t\t\t\t\t\t<\/div>\n\t\t\t\t<\/div>\n\t\t\t\t<\/div>\n\t\t<div class=\"elementor-element elementor-element-44a8daf e-con-full elementor-hidden-tablet elementor-hidden-mobile e-flex e-con e-child\" data-id=\"44a8daf\" data-element_type=\"container\" data-settings=\"{&quot;background_background&quot;:&quot;classic&quot;}\">\n\t\t\t\t<div class=\"elementor-element elementor-element-b2008d7 elementor-widget elementor-widget-image\" data-id=\"b2008d7\" data-element_type=\"widget\" data-widget_type=\"image.default\">\n\t\t\t\t<div class=\"elementor-widget-container\">\n\t\t\t\t\t\t\t\t\t\t\t\t\t\t\t<img fetchpriority=\"high\" decoding=\"async\" width=\"650\" height=\"778\" src=\"https:\/\/tsukadamotors.online\/wp-content\/uploads\/2023\/08\/contato.png\" class=\"attachment-medium_large size-medium_large wp-image-2194\" alt=\"\" srcset=\"https:\/\/tsukadamotors.online\/wp-content\/uploads\/2023\/08\/contato.png 650w, https:\/\/tsukadamotors.online\/wp-content\/uploads\/2023\/08\/contato-251x300.png 251w\" sizes=\"(max-width: 650px) 100vw, 650px\" \/>\t\t\t\t\t\t\t\t\t\t\t\t\t\t\t<\/div>\n\t\t\t\t<\/div>\n\t\t\t\t<\/div>\n\t\t\t\t\t<\/div>\n\t\t\t\t<\/div>\n\t\t<div class=\"elementor-element elementor-element-5947e5a e-flex e-con-boxed e-con e-parent\" data-id=\"5947e5a\" data-element_type=\"container\" data-settings=\"{&quot;background_background&quot;:&quot;classic&quot;}\">\n\t\t\t\t\t<div class=\"e-con-inner\">\n\t\t\t\t<div class=\"elementor-element elementor-element-9396cdd elementor-widget elementor-widget-heading\" data-id=\"9396cdd\" data-element_type=\"widget\" data-widget_type=\"heading.default\">\n\t\t\t\t<div class=\"elementor-widget-container\">\n\t\t\t\t\t<h2 class=\"elementor-heading-title elementor-size-default\">\u5f53\u793e\u306e\u6240\u5728\u5730<\/h2>\t\t\t\t<\/div>\n\t\t\t\t<\/div>\n\t\t\t\t\t<\/div>\n\t\t\t\t<\/div>\n\t\t<div class=\"elementor-element elementor-element-3e1e676 e-flex e-con-boxed e-con e-parent\" data-id=\"3e1e676\" data-element_type=\"container\" data-settings=\"{&quot;background_background&quot;:&quot;classic&quot;}\">\n\t\t\t\t\t<div class=\"e-con-inner\">\n\t\t<div class=\"elementor-element elementor-element-9920995 e-con-full e-flex e-con e-child\" data-id=\"9920995\" data-element_type=\"container\">\n\t\t\t\t<div class=\"elementor-element elementor-element-e247694 elementor-widget elementor-widget-heading\" data-id=\"e247694\" data-element_type=\"widget\" data-widget_type=\"heading.default\">\n\t\t\t\t<div class=\"elementor-widget-container\">\n\t\t\t\t\t<h2 class=\"elementor-heading-title elementor-size-default\">\u30de\u30c8\u30ea\u30c3\u30af\u30b9: \u5c90\u961c\u770c\u53ef\u5150\u5e02\u571f\u7530 4267-99<\/h2>\t\t\t\t<\/div>\n\t\t\t\t<\/div>\n\t\t\t\t<div class=\"elementor-element elementor-element-2549bed jedv-enabled--yes elementor-widget elementor-widget-google_maps\" data-id=\"2549bed\" data-element_type=\"widget\" data-widget_type=\"google_maps.default\">\n\t\t\t\t<div class=\"elementor-widget-container\">\n\t\t\t\t\t\t\t<div class=\"elementor-custom-embed\">\n\t\t\t<iframe loading=\"lazy\"\n\t\t\t\t\tsrc=\"https:\/\/maps.google.com\/maps?q=Matriz%3A%20Gifu%20ken%20Kani%20shi%20Dota%204267-99%3Cbr%3E%20%E3%80%92509-0206&#038;t=m&#038;z=15&#038;output=embed&#038;iwloc=near\"\n\t\t\t\t\ttitle=\"\u30de\u30c8\u30ea\u30c3\u30af\u30b9\uff1a\u5c90\u961c\u770c\u53ef\u5150\u5e02\u571f\u75304267-99&lt;br&gt; \u3012509-0206\"\n\t\t\t\t\taria-label=\"\u30de\u30c8\u30ea\u30c3\u30af\u30b9\uff1a\u5c90\u961c\u770c\u53ef\u5150\u5e02\u571f\u75304267-99&lt;br&gt; \u3012509-0206\"\n\t\t\t><\/iframe>\n\t\t<\/div>\n\t\t\t\t\t\t<\/div>\n\t\t\t\t<\/div>\n\t\t\t\t<\/div>\n\t\t<div class=\"elementor-element elementor-element-48b9c35 e-con-full e-flex e-con e-child\" data-id=\"48b9c35\" data-element_type=\"container\">\n\t\t\t\t<div class=\"elementor-element elementor-element-811d76f elementor-widget elementor-widget-heading\" data-id=\"811d76f\" data-element_type=\"widget\" data-widget_type=\"heading.default\">\n\t\t\t\t<div class=\"elementor-widget-container\">\n\t\t\t\t\t<h2 class=\"elementor-heading-title elementor-size-default\">\u652f\u5e97\uff1a\u798f\u4e95\u770c\u5e02\u524d\u5e02\u9ad8\u702c1-13-15 <\/h2>\t\t\t\t<\/div>\n\t\t\t\t<\/div>\n\t\t\t\t<div class=\"elementor-element elementor-element-796bdcd jedv-enabled--yes elementor-widget elementor-widget-google_maps\" data-id=\"796bdcd\" data-element_type=\"widget\" data-widget_type=\"google_maps.default\">\n\t\t\t\t<div class=\"elementor-widget-container\">\n\t\t\t\t\t\t\t<div class=\"elementor-custom-embed\">\n\t\t\t<iframe loading=\"lazy\"\n\t\t\t\t\tsrc=\"https:\/\/maps.google.com\/maps?q=Filial%3A%20%20Fukui%20Ken%20Ichizen%20Shi%20Takase%201-13-15%20%3Cbr%3E%20%E3%80%92915-0832&#038;t=m&#038;z=15&#038;output=embed&#038;iwloc=near\"\n\t\t\t\t\ttitle=\"\u652f\u5e97\uff1a\u798f\u4e95\u770c\u5e02\u524d\u5e02\u9ad8\u702c1-13-15 &lt;br&gt; \u3012915-0832\"\n\t\t\t\t\taria-label=\"\u652f\u5e97\uff1a\u798f\u4e95\u770c\u5e02\u524d\u5e02\u9ad8\u702c1-13-15 &lt;br&gt; \u3012915-0832\"\n\t\t\t><\/iframe>\n\t\t<\/div>\n\t\t\t\t\t\t<\/div>\n\t\t\t\t<\/div>\n\t\t\t\t<\/div>\n\t\t\t\t\t<\/div>\n\t\t\t\t<\/div>\n\t\t\t\t<\/div>","protected":false},"excerpt":{"rendered":"<p>Fale conosco \u00c9 s\u00f3 clicar em dos fones abaixo Kani: 090 8074 4547 Fukui: 080 2960 2734 Nossa Localiza\u00e7\u00e3o Matriz: Gifu Ken Kani Shi Dota 4267-99 Filial: Fukui Ken Ichizen Shi Takase 1-13-15<\/p>","protected":false},"author":1,"featured_media":0,"parent":0,"menu_order":0,"comment_status":"closed","ping_status":"closed","template":"elementor_header_footer","meta":{"footnotes":""},"class_list":["post-2121","page","type-page","status-publish","hentry"],"_links":{"self":[{"href":"https:\/\/tsukadamotors.online\/ja\/wp-json\/wp\/v2\/pages\/2121","targetHints":{"allow":["GET"]}}],"collection":[{"href":"https:\/\/tsukadamotors.online\/ja\/wp-json\/wp\/v2\/pages"}],"about":[{"href":"https:\/\/tsukadamotors.online\/ja\/wp-json\/wp\/v2\/types\/page"}],"author":[{"embeddable":true,"href":"https:\/\/tsukadamotors.online\/ja\/wp-json\/wp\/v2\/users\/1"}],"replies":[{"embeddable":true,"href":"https:\/\/tsukadamotors.online\/ja\/wp-json\/wp\/v2\/comments?post=2121"}],"version-history":[{"count":88,"href":"https:\/\/tsukadamotors.online\/ja\/wp-json\/wp\/v2\/pages\/2121\/revisions"}],"predecessor-version":[{"id":3252,"href":"https:\/\/tsukadamotors.online\/ja\/wp-json\/wp\/v2\/pages\/2121\/revisions\/3252"}],"wp:attachment":[{"href":"https:\/\/tsukadamotors.online\/ja\/wp-json\/wp\/v2\/media?parent=2121"}],"curies":[{"name":"wp","href":"https:\/\/api.w.org\/{rel}","templated":true}]}}